{"id":8,"date":"2013-05-31T08:44:43","date_gmt":"2013-05-31T08:44:43","guid":{"rendered":"http:\/\/us-themes.com\/wp\/Vittoria\/?page_id=2"},"modified":"2015-10-18T16:38:53","modified_gmt":"2015-10-18T13:38:53","slug":"sample-page-2","status":"publish","type":"page","link":"https:\/\/alikochirdavat.com\/","title":{"rendered":"Home"},"content":{"rendered":"<div class=\"l-submain wpb_row full_width full_height\"><div class=\"l-submain-h g-html i-cf\"><div class=\"g-cols wpb_row offset_default\"><div class=\"full-width\">[rev_slider_vc alias=&#8221;home1&#8243;]<\/div><\/div><\/div><\/div><div class=\"l-submain wpb_row\"><div class=\"l-submain-h g-html i-cf\"><div class=\"g-cols wpb_row offset_default\"><div class=\"full-width\">\n\t<div class=\"wpb_text_column \">\n\t\t<div class=\"wpb_wrapper\">\n\t\t\t\n<h3 style=\"text-align: center;\"><strong>\u00dcR\u00dcNLER\u0130M\u0130Z<\/strong><\/h3>\n\n\t\t<\/div> \n\t<\/div> <div class=\"g-hr type_invisible no_icon\">\n\t\t\t\t\t\t<span class=\"g-hr-h\">\n\t\t\t\t\t\t\t<i class=\"fa fa-\"><\/i>\n\t\t\t\t\t\t<\/span>\n\t\t\t\t\t<\/div><\/div><\/div><div class=\"g-cols wpb_row offset_default\"><div class=\"one-third\"><div class=\"w-iconbox iconpos_top size_medium type_outlined color_primary\">\n\t\t\t\t\t\t<a class=\"w-iconbox-link\" href=\"#\">\n\t\t\t\t\t\t<div class=\"w-iconbox-icon\">\n\t\t\t\t\t\t\t<i class=\"fa fa-bolt\"><\/i>\t<\/div><h4 class=\"w-iconbox-title\">Elektrikli El Aletleri<\/h4><\/a><div class=\"w-iconbox-text\">\n\t\t\t\t\t\t\t<p>Son teknoloji, D\u00fcnya pazar\u0131nda bir\u00e7ok end\u00fcstriyel \u00e7\u00f6z\u00fcmler sunan elektrikli el aletleri.<\/p>\n<\/p>\n\t\t\t\t\t\t<\/div><\/div><\/div><div class=\"one-third\"><div class=\"w-iconbox iconpos_top size_medium type_outlined color_primary\">\n\t\t\t\t\t\t<a class=\"w-iconbox-link\" href=\"#\">\n\t\t\t\t\t\t<div class=\"w-iconbox-icon\">\n\t\t\t\t\t\t\t<i class=\"fa fa-thumbs-o-up\"><\/i>\t<\/div><h4 class=\"w-iconbox-title\">El Aletleri<\/h4><\/a><div class=\"w-iconbox-text\">\n\t\t\t\t\t\t\t<p>\u00dcr\u00fcn yelpazemizdeki el aletleri birinci s\u0131n\u0131f i\u015fleri ger\u00e7ekle\u015ftirmek \u00fczere geli\u015ftirilmi\u015ftir.<\/p>\n<\/p>\n\t\t\t\t\t\t<\/div><\/div><\/div><div class=\"one-third\"><div class=\"w-iconbox iconpos_top size_medium type_outlined color_primary\">\n\t\t\t\t\t\t<a class=\"w-iconbox-link\" href=\"#\">\n\t\t\t\t\t\t<div class=\"w-iconbox-icon\">\n\t\t\t\t\t\t\t<i class=\"fa fa-exclamation-triangle\"><\/i>\t<\/div><h4 class=\"w-iconbox-title\">\u0130\u015f G\u00fcvenli\u011fi<\/h4><\/a><div class=\"w-iconbox-text\">\n\t\t\t\t\t\t\t<p>\u0130\u015f yerinde g\u00fcvenlik bilin\u00e7li personel ve firmam\u0131zdan temin edebilece\u011finiz kaliteli donan\u0131mlarla sa\u011flan\u0131r.<\/p>\n<\/p>\n\t\t\t\t\t\t<\/div><\/div><\/div><\/div><div class=\"g-cols wpb_row offset_default\"><div class=\"full-width\"><div class=\"g-hr type_invisible no_icon\">\n\t\t\t\t\t\t<span class=\"g-hr-h\">\n\t\t\t\t\t\t\t<i class=\"fa fa-\"><\/i>\n\t\t\t\t\t\t<\/span>\n\t\t\t\t\t<\/div><\/div><\/div><div class=\"g-cols wpb_row offset_default\"><div class=\"one-third\"><div class=\"w-iconbox iconpos_top size_medium type_outlined color_primary\">\n\t\t\t\t\t\t<a class=\"w-iconbox-link\" href=\"#\">\n\t\t\t\t\t\t<div class=\"w-iconbox-icon\">\n\t\t\t\t\t\t\t<i class=\"fa fa-wrench\"><\/i>\t<\/div><h4 class=\"w-iconbox-title\">H\u0131rdavat Grubu<\/h4><\/a><div class=\"w-iconbox-text\">\n\t\t\t\t\t\t\t<p>\n<p>Ali Ko\u00e7 H\u0131rdavat olarak hayat\u0131n\u0131z\u0131 kolayla\u015ft\u0131racak h\u0131rdavat \u00fcr\u00fcnleriyle sizlerin kar\u015f\u0131s\u0131nday\u0131z.<\/p>\n<\/p>\n\t\t\t\t\t\t<\/div><\/div><\/div><div class=\"one-third\"><div class=\"w-iconbox iconpos_top size_medium type_outlined color_primary\">\n\t\t\t\t\t\t<a class=\"w-iconbox-link\" href=\"#\">\n\t\t\t\t\t\t<div class=\"w-iconbox-icon\">\n\t\t\t\t\t\t\t<i class=\"fa fa-bullseye\"><\/i>\t<\/div><h4 class=\"w-iconbox-title\">Bant Gruplar\u0131<\/h4><\/a><div class=\"w-iconbox-text\">\n\t\t\t\t\t\t\t<p>\n<p>Bant \u00fcr\u00fcn yelpazesi g\u00fcnl\u00fck tamir, bak\u0131m ve onar\u0131m i\u015flerinde kullan\u0131labilecek pek \u00e7ok alternatif sunar.<\/p>\n<\/p>\n\t\t\t\t\t\t<\/div><\/div><\/div><div class=\"one-third\"><div class=\"w-iconbox iconpos_top size_medium type_outlined color_primary\">\n\t\t\t\t\t\t<a class=\"w-iconbox-link\" href=\"#\">\n\t\t\t\t\t\t<div class=\"w-iconbox-icon\">\n\t\t\t\t\t\t\t<i class=\"fa fa-flask\"><\/i>\t<\/div><h4 class=\"w-iconbox-title\">Kimyasal Gruplar\u0131<\/h4><\/a><div class=\"w-iconbox-text\">\n\t\t\t\t\t\t\t<p>\n<p>Suya, havaya, gaza ve ba\u015fka d\u0131\u015f etkenlere kar\u015f\u0131 dayan\u0131kl\u0131, g\u00fcvenilir yap\u0131\u015ft\u0131r\u0131c\u0131 ve kimyasallar.<\/p>\n<\/p>\n\t\t\t\t\t\t<\/div><\/div><\/div><\/div><\/div><\/div><div class=\"l-submain wpb_row color_secondary\"><div class=\"l-submain-h g-html i-cf\"><div class=\"g-cols wpb_row offset_default\"><div class=\"full-width\"><div class=\"w-actionbox color_secondary controls_aside\"><div class=\"w-actionbox-text\"><h3>H\u0131rdavat ihtiya\u00e7lar\u0131n\u0131z i\u00e7in bizimle ileti\u015fime ge\u00e7in!<\/h3><\/div><div class=\"w-actionbox-controls\"><a class=\"w-actionbox-button g-btn size_big color_white outlined\" href=\"?page_id=9\"><span><i class=\"fa fa-phone\"><\/i>\u0130leti\u015fim Bilgilerimiz<\/span><\/a><\/div><\/div><\/div><\/div><\/div><\/div><div class=\"l-submain wpb_row\"><div class=\"l-submain-h g-html i-cf\"><!-- Row Backgrounds --><div class=\"upb_no_bg\" data-fadeout=\"\" data-fadeout-percentage=\"30\" data-parallax-content=\"\" data-parallax-content-sense=\"30\" data-row-effect-mobile-disable=\"true\" data-img-parallax-mobile-disable=\"true\" data-rtl=\"false\"  data-custom-vc-row=\"\"  data-vc=\"4.4.3\"  data-theme-support=\"\"    ><\/div>\n<\/div><\/div>","protected":false},"excerpt":{"rendered":"[section background=\"\" bg_color=\"\" text_color=\"\" img=\"\" full_width=\"1\" full_height=\"1\"][rev_slider_vc alias=\"home1\"][\/section] \u00dcR\u00dcNLER\u0130M\u0130Z Elektrikli El Aletleri Son teknoloji, D\u00fcnya pazar\u0131nda bir\u00e7ok end\u00fcstriyel \u00e7\u00f6z\u00fcmler sunan elektrikli el aletleri. El Aletleri \u00dcr\u00fcn yelpazemizdeki el aletleri birinci s\u0131n\u0131f i\u015fleri ger\u00e7ekle\u015ftirmek \u00fczere geli\u015ftirilmi\u015ftir. \u0130\u015f G\u00fcvenli\u011fi \u0130\u015f yerinde g\u00fcvenlik...","protected":false},"author":1,"featured_media":0,"parent":0,"menu_order":0,"comment_status":"closed","ping_status":"closed","template":"","meta":{"footnotes":""},"class_list":["post-8","page","type-page","status-publish","hentry"],"_links":{"self":[{"href":"https:\/\/alikochirdavat.com\/wp-json\/wp\/v2\/pages\/8","targetHints":{"allow":["GET"]}}],"collection":[{"href":"https:\/\/alikochirdavat.com\/wp-json\/wp\/v2\/pages"}],"about":[{"href":"https:\/\/alikochirdavat.com\/wp-json\/wp\/v2\/types\/page"}],"author":[{"embeddable":true,"href":"https:\/\/alikochirdavat.com\/wp-json\/wp\/v2\/users\/1"}],"replies":[{"embeddable":true,"href":"https:\/\/alikochirdavat.com\/wp-json\/wp\/v2\/comments?post=8"}],"version-history":[{"count":0,"href":"https:\/\/alikochirdavat.com\/wp-json\/wp\/v2\/pages\/8\/revisions"}],"wp:attachment":[{"href":"https:\/\/alikochirdavat.com\/wp-json\/wp\/v2\/media?parent=8"}],"curies":[{"name":"wp","href":"https:\/\/api.w.org\/{rel}","templated":true}]}}