{"id":9,"date":"2013-05-31T11:56:39","date_gmt":"2013-05-31T11:56:39","guid":{"rendered":"http:\/\/us-themes.com\/wp\/Vittoria\/?page_id=9"},"modified":"2015-10-18T18:07:27","modified_gmt":"2015-10-18T15:07:27","slug":"contact","status":"publish","type":"page","link":"https:\/\/alikochirdavat.com\/contact\/","title":{"rendered":"\u0130leti\u015fim"},"content":{"rendered":"<div class=\"l-submain wpb_row full_width full_height\"><div class=\"l-submain-h g-html i-cf\"><div class=\"g-cols wpb_row offset_default\"><div class=\"full-width\"><div class=\"w-map\" id=\"map_685062\" style=\"height: 400px\">\n\t\t\t\t<div class=\"w-map-h\">\n\n\t\t\t\t<\/div>\n\t\t\t<\/div>\n\t\t\t<script type=\"text\/javascript\">\n\t\t\t\tjQuery(document).ready(function(){\n\t\t\t\t\tjQuery(\"#map_685062\").gMap({\n\t\t\t\t\t\tlatitude: \"38.426653\", longitude: \"27.169312\", \n\t\t\t\t\t\tzoom: 15,\n\t\t\t\t\t\tmaptype: \"ROADMAP\",icon: {\n\t\timage: \"https:\/\/alikochirdavat.com\/wp-content\/uploads\/2013\/05\/map-marker-hi.png\",\n\t\ticonsize: [40, 40],\n\t\ticonanchor: [20, 40]\n\t},\n\t\t\t\t\t\tmarkers:[{latitude: \"38.426653\", longitude: \"27.169312\", html: \"Ali Ko\u00e7 H\u0131rdavat\"},{address: \"2091 Stierlin Ct, Mountain View, CA 94043\", html: \"Our Second Office\"},{address: \"1055 Joaquin Rd #200, Mountain View, CA 94043\", html: \"Our Third Office\"},{address: \"918 Industrial Ave, Palo Alto, CA 94303\", html: \"Some Store\"}]\n\t\t\t\t\t});\n\t\t\t\t});\n\t\t\t<\/script><\/div><\/div><\/div><\/div><div class=\"l-submain wpb_row\"><div class=\"l-submain-h g-html i-cf\"><div class=\"g-cols wpb_row offset_default\"><div class=\"one-third\">\n\t<div class=\"wpb_text_column \">\n\t\t<div class=\"wpb_wrapper\">\n\t\t\t\n<h3>\u0130leti\u015fim Bilgileri<\/h3>\n\n\t\t<\/div> \n\t<\/div> <div class=\"w-contacts\">\n\t\t\t\t\t\t<div class=\"w-contacts-h\">\n\t\t\t\t\t\t\t<div class=\"w-contacts-list\"><div class=\"w-contacts-item\">\n\t\t\t\t\t\t\t\t\t<i class=\"fa fa-map-marker\"><\/i>\n\t\t\t\t\t\t\t\t\t<span class=\"w-contacts-item-value\">Be\u015fikcio\u011flu \u0130\u015f Mrk. 1202\/2 Sk. No: 99 Z:20 G\u0131da \u00c7ar\u015f\u0131s\u0131, Yeni\u015fehir<br \/>\nKonak \/ \u0130zmir<\/span>\n\t\t\t\t\t\t\t\t<\/div><div class=\"w-contacts-item\">\n\t\t\t\t\t\t\t\t\t<i class=\"fa fa-phone\"><\/i>\n\t\t\t\t\t\t\t\t\t<span class=\"w-contacts-item-value\">(0232) 449 49 06(0532) 738 46 71<\/span>\n\t\t\t\t\t\t\t\t<\/div><div class=\"w-contacts-item\">\n\t\t\t\t\t\t\t\t\t<i class=\"fa fa-print\"><\/i>\n\t\t\t\t\t\t\t\t\t<span class=\"w-contacts-item-value\">(0232) 449 49 86<\/span>\n\t\t\t\t\t\t\t\t<\/div><div class=\"w-contacts-item\">\n\t\t\t\t\t\t\t\t\t<i class=\"fa fa-envelope\"><\/i>\n\t\t\t\t\t\t\t\t\t<span class=\"w-contacts-item-value\"><a href=\"mailto:info@alikochirdavat.com\">info@alikochirdavat.com<\/a><\/span>\n\t\t\t\t\t\t\t\t<\/div><\/div>\n\t\t\t\t\t\t<\/div>\n\t\t\t\t\t<\/div><\/div><div class=\"two-thirds\">\n\t<div class=\"wpb_text_column \">\n\t\t<div class=\"wpb_wrapper\">\n\t\t\t\n<h3>\u0130leti\u015fim Formu<\/h3>\n\n\t\t<\/div> \n\t<\/div> <div class=\"w-form align_left\">\n\t\t\t\t\t\t<form action=\"\" method=\"post\" id=\"contact_form\" class=\"contact_form\"><input type=\"hidden\" name=\"post_id\" value=\"9\"><div class=\"w-form-row\" id=\"name_row\">\n\t\t\t\t\t\t\t<div class=\"w-form-label\">\n\t\t\t\t\t\t\t\t<label for=\"name\">Ad Soyad *<\/label>\n\t\t\t\t\t\t\t<\/div>\n\t\t\t\t\t\t\t<div class=\"w-form-field\">\n\t\t\t\t\t\t\t\t<input id=\"name\" type=\"text\" name=\"name\" data-required=\"1\" placeholder=\"Ad Soyad *\">\n\t\t\t\t\t\t\t\t<i class=\"fa fa-user\"><\/i>\n\t\t\t\t\t\t\t<\/div>\n\t\t\t\t\t\t\t<div class=\"w-form-state\" id=\"name_state\"><\/div>\n\t\t\t\t\t\t<\/div><div class=\"w-form-row\" id=\"email_row\">\n\t\t\t\t\t\t\t<div class=\"w-form-label\">\n\t\t\t\t\t\t\t\t<label for=\"email\">E-posta<\/label>\n\t\t\t\t\t\t\t<\/div>\n\t\t\t\t\t\t\t<div class=\"w-form-field\">\n\t\t\t\t\t\t\t\t<input id=\"email\" type=\"email\" name=\"email\" data-required=\"0\" placeholder=\"E-posta\">\n\t\t\t\t\t\t\t\t<i class=\"fa fa-envelope\"><\/i>\n\t\t\t\t\t\t\t<\/div>\n\t\t\t\t\t\t\t<div class=\"w-form-state\" id=\"email_state\"><\/div>\n\t\t\t\t\t\t<\/div><div class=\"w-form-row\" id=\"phone_row\">\n\t\t\t\t\t\t\t<div class=\"w-form-label\">\n\t\t\t\t\t\t\t\t<label for=\"phone\">Telefon Numaras\u0131<\/label>\n\t\t\t\t\t\t\t<\/div>\n\t\t\t\t\t\t\t<div class=\"w-form-field\">\n\t\t\t\t\t\t\t\t<input id=\"phone\" type=\"text\" name=\"phone\" data-required=\"0\" placeholder=\"Telefon Numaras\u0131\">\n\t\t\t\t\t\t\t\t<i class=\"fa fa-phone\"><\/i>\n\t\t\t\t\t\t\t<\/div>\n\t\t\t\t\t\t\t<div class=\"w-form-state\" id=\"phone_state\"><\/div>\n\t\t\t\t\t\t<\/div><div class=\"w-form-row\" id=\"message_row\">\n\t\t\t\t\t\t\t<div class=\"w-form-label\">\n\t\t\t\t\t\t\t\t<label for=\"message\">Mesaj\u0131n\u0131z *<\/label>\n\t\t\t\t\t\t\t<\/div>\n\t\t\t\t\t\t\t<div class=\"w-form-field\">\n\t\t\t\t\t\t\t\t<textarea id=\"message\" name=\"message\" cols=\"30\" rows=\"10\" data-required=\"1\" placeholder=\"Mesaj\u0131n\u0131z *\"><\/textarea>\n\t\t\t\t\t\t\t\t<i class=\"fa fa-pencil\"><\/i>\n\t\t\t\t\t\t\t<\/div>\n\t\t\t\t\t\t\t<div class=\"w-form-state\" id=\"message_state\"><\/div>\n\t\t\t\t\t\t<\/div><div class=\"w-form-row for_submit\">\n\t\t\t\t\t\t\t\t<div class=\"w-form-field\">\n\t\t\t\t\t\t\t\t\t<button class=\"g-btn  color_primary\" id=\"message_send\"><i class=\"fa fa-spinner fa-spin\"><\/i><span>G\u00f6nder<\/span><\/button>\n\t\t\t\t\t\t\t\t\t<div class=\"w-form-field-success\"><\/div>\n\t\t\t\t\t\t\t\t<\/div>\n\t\t\t\t\t\t\t<\/div>\n\t\t\t\t\t\t<\/form>\n\t\t\t\t\t<\/div><\/div><\/div>\n<\/div><\/div>","protected":false},"excerpt":{"rendered":"[section background=\"\" bg_color=\"\" text_color=\"\" img=\"\" full_width=\"1\" full_height=\"1\"] jQuery(document).ready(function(){ jQuery(\"#map_346951\").gMap({ latitude: \"38.426653\", longitude: \"27.169312\", zoom: 15, maptype: \"ROADMAP\",icon: { image: \"https:\/\/alikochirdavat.com\/wp-content\/uploads\/2013\/05\/map-marker-hi.png\", iconsize: [40, 40], iconanchor: [20, 40] }, markers:[{latitude: \"38.426653\", longitude: \"27.169312\", html: \"Ali Ko\u00e7 H\u0131rdavat\"},{address: \"2091 Stierlin Ct, Mountain View,...","protected":false},"author":1,"featured_media":0,"parent":0,"menu_order":0,"comment_status":"closed","ping_status":"closed","template":"","meta":{"footnotes":""},"class_list":["post-9","page","type-page","status-publish","hentry"],"_links":{"self":[{"href":"https:\/\/alikochirdavat.com\/wp-json\/wp\/v2\/pages\/9","targetHints":{"allow":["GET"]}}],"collection":[{"href":"https:\/\/alikochirdavat.com\/wp-json\/wp\/v2\/pages"}],"about":[{"href":"https:\/\/alikochirdavat.com\/wp-json\/wp\/v2\/types\/page"}],"author":[{"embeddable":true,"href":"https:\/\/alikochirdavat.com\/wp-json\/wp\/v2\/users\/1"}],"replies":[{"embeddable":true,"href":"https:\/\/alikochirdavat.com\/wp-json\/wp\/v2\/comments?post=9"}],"version-history":[{"count":0,"href":"https:\/\/alikochirdavat.com\/wp-json\/wp\/v2\/pages\/9\/revisions"}],"wp:attachment":[{"href":"https:\/\/alikochirdavat.com\/wp-json\/wp\/v2\/media?parent=9"}],"curies":[{"name":"wp","href":"https:\/\/api.w.org\/{rel}","templated":true}]}}